{"id":9,"date":"2022-04-29T17:51:10","date_gmt":"2022-04-29T15:51:10","guid":{"rendered":"https:\/\/www.brasseriedessaveurs.be\/?page_id=9"},"modified":"2026-03-23T12:50:41","modified_gmt":"2026-03-23T11:50:41","slug":"9-2","status":"publish","type":"page","link":"https:\/\/www.brasseriedessaveurs.be\/","title":{"rendered":"Bienvenue sur le site de la Brasserie des Saveurs"},"content":{"rendered":"<p>[et_pb_section fb_built=\u00a0\u00bb1&Prime; fullwidth=\u00a0\u00bbon\u00a0\u00bb _builder_version=\u00a0\u00bb4.17.3&Prime; _module_preset=\u00a0\u00bbdefault\u00a0\u00bb global_colors_info=\u00a0\u00bb{}\u00a0\u00bb][et_pb_fullwidth_header title=\u00a0\u00bbBrasserie des Saveurs\u00a0\u00bb text_orientation=\u00a0\u00bbcenter\u00a0\u00bb header_fullscreen=\u00a0\u00bbon\u00a0\u00bb button_one_text=\u00a0\u00bbMenu Brasserie\u00a0\u00bb button_one_url=\u00a0\u00bbhttps:\/\/www.brasseriedessaveurs.be\/wp-content\/uploads\/2025\/09\/Carte-Brasseriedessaveurs-2025-06-25-V10.pdf\u00a0\u00bb button_two_text=\u00a0\u00bbCarte des vins\u00a0\u00bb button_two_url=\u00a0\u00bbhttps:\/\/www.brasseriedessaveurs.be\/wp-content\/uploads\/2023\/02\/Carte-Vin-2023-02-13-V1.pdf\u00a0\u00bb logo_image_url=\u00a0\u00bbhttps:\/\/www.brasseriedessaveurs.be\/wp-content\/uploads\/2022\/04\/Brasserie-des-saveurs_Positif-sur-fond-blanc_450px.png\u00a0\u00bb content_tablet=\u00a0\u00bb<\/p>\n<h2>Nouvelle brasserie \u2022 Nouvelle Carte<\/h2>\n<h5>Place des Martyrs 5 \u00e0 1440 BRAINE-LE-CHATEAU \u2022 02\/355 15 24<\/h5>\n<h3><\/h3>\n<h3>Notre \u00e9tablissement vous accueille du jeudi au lundi<br \/>de 10h \u00e0 14h30 et de 18h00 \u00e0 22h00.<\/h3>\n<\/p>\n<p><iframe src=%22https:\/\/reservations.tablebooker.com?&#038;modal=0&#038;lang=fr&#038;source=website&#038;restaurantId=02162690&#038;theme=dark&#038;obmPrimaryColor=%23e53021&#038;&#038;obmId=obm-0%22 height=%22458%22 frameborder=%220%22 width=%22100%%22 scrolling=%22yes%22 id=%22obm-0%22><\/iframe><\/p>\n<p>\n<script src=%22https:\/\/reservations.tablebooker.com\/tbkr-widget-import.min.js%22><\/script>\n<\/p>\n<p>\u00a0\u00bb content_phone=\u00a0\u00bb<\/p>\n<h2>Nouvelle brasserie \u2022 Nouvelle Carte<\/h2>\n<h5>Place des Martyrs 5 \u00e0 1440 BRAINE-LE-CHATEAU \u2022 02\/355 15 24<\/h5>\n<h3><\/h3>\n<h3>Notre \u00e9tablissement vous accueille du mardi au samedi<br \/>de 11h30 \u00e0 14h30 et<br \/>de 18h30 \u00e0 22h00.<\/h3>\n<\/p>\n<p><iframe src=%22https:\/\/reservations.tablebooker.com?&#038;modal=0&#038;lang=fr&#038;source=website&#038;restaurantId=02162690&#038;theme=dark&#038;obmPrimaryColor=%23e53021&#038;&#038;obmId=obm-1%22 height=%22489%22 frameborder=%220%22 width=%22100%%22 scrolling=%22yes%22 id=%22obm-1%22><\/iframe><\/p>\n<p>\n<script src=%22https:\/\/reservations.tablebooker.com\/tbkr-widget-import.min.js%22><\/script>\n<\/p>\n<p>\u00a0\u00bb content_last_edited=\u00a0\u00bbon|tablet\u00a0\u00bb _builder_version=\u00a0\u00bb4.27.6&Prime; _dynamic_attributes=\u00a0\u00bbbutton_one_url\u00a0\u00bb _module_preset=\u00a0\u00bbdefault\u00a0\u00bb title_font=\u00a0\u00bbRoboto|700||on|||||\u00a0\u00bb title_text_align=\u00a0\u00bbcenter\u00a0\u00bb title_text_color=\u00a0\u00bb#FFFFFF\u00a0\u00bb title_font_size=\u00a0\u00bb50px\u00a0\u00bb title_line_height=\u00a0\u00bb2em\u00a0\u00bb content_font=\u00a0\u00bbRoboto|300|||||||\u00a0\u00bb subhead_font=\u00a0\u00bbRoboto||||||||\u00a0\u00bb background_color=\u00a0\u00bb#E53021&Prime; use_background_color_gradient=\u00a0\u00bbon\u00a0\u00bb background_color_gradient_stops=\u00a0\u00bb#000000 0%|#dbdbdb 100%\u00a0\u00bb background_image=\u00a0\u00bbhttps:\/\/www.brasseriedessaveurs.be\/wp-content\/uploads\/2022\/04\/Fond-homepage-brasseriedessaveurs.jpg\u00a0\u00bb background_blend=\u00a0\u00bbmultiply\u00a0\u00bb custom_button_one=\u00a0\u00bbon\u00a0\u00bb button_one_text_color=\u00a0\u00bb#FFFFFF\u00a0\u00bb button_one_bg_color=\u00a0\u00bb#E53021&Prime; button_one_border_width=\u00a0\u00bb0px\u00a0\u00bb button_one_border_radius=\u00a0\u00bb49px\u00a0\u00bb button_one_font=\u00a0\u00bbRoboto|||on|||||\u00a0\u00bb button_one_icon=\u00a0\u00bb&#x41;||divi||400&Prime; custom_button_two=\u00a0\u00bbon\u00a0\u00bb button_two_text_color=\u00a0\u00bb#FFFFFF\u00a0\u00bb button_two_bg_color=\u00a0\u00bb#E53021&Prime; button_two_border_color=\u00a0\u00bbRGBA(255,255,255,0)\u00a0\u00bb button_two_border_radius=\u00a0\u00bb43px\u00a0\u00bb button_two_font=\u00a0\u00bbRoboto|||on|||||\u00a0\u00bb button_two_icon=\u00a0\u00bb&#x41;||divi||400&Prime; custom_margin=\u00a0\u00bb||||false|false\u00a0\u00bb custom_padding=\u00a0\u00bb||||false|false\u00a0\u00bb animation_style=\u00a0\u00bbflip\u00a0\u00bb animation_direction=\u00a0\u00bbbottom\u00a0\u00bb hover_enabled=\u00a0\u00bb0&Prime; title_font_size_tablet=\u00a0\u00bb37px\u00a0\u00bb title_font_size_phone=\u00a0\u00bb33px\u00a0\u00bb title_font_size_last_edited=\u00a0\u00bbon|phone\u00a0\u00bb title_line_height_tablet=\u00a0\u00bb1em\u00a0\u00bb title_line_height_phone=\u00a0\u00bb1em\u00a0\u00bb title_line_height_last_edited=\u00a0\u00bbon|phone\u00a0\u00bb global_colors_info=\u00a0\u00bb{}\u00a0\u00bb sticky_enabled=\u00a0\u00bb0&Prime;]<\/p>\n<h2>Nouvelle brasserie \u2022 <a href=\"https:\/\/www.brasseriedessaveurs.be\/wp-content\/uploads\/2025\/09\/Carte-Brasseriedessaveurs-2025-06-25-V10.pdf\">Nouvelle Carte<\/a><\/h2>\n<h5>Place des Martyrs 5 \u00e0\u00a01440 BRAINE-LE-CHATEAU \u2022 02\/355 15 24<\/h5>\n<h3><\/h3>\n<h3>Notre \u00e9tablissement vous accueille du mardi au samedi<br \/>\nde 12h00 \u00e0 14h30 et de 18h30 \u00e0 22h00<br \/>\n.<\/h3>\n<p><!-- Zenchef Widget SDK --><\/p>\n<p><script>;(function (d, s, id) {const el = d.getElementsByTagName(s)[0]; if (d.getElementById(id) || el.parentNode == null) {return;} var js = d.createElement(s); js.id = id; js.async = true; js.src = 'https:\/\/sdk.zenchef.com\/v1\/sdk.min.js'; el.parentNode.insertBefore(js, el); })(document, 'script', 'zenchef-sdk')<\/script><\/p>\n<div\n\nclass=\"zc-widget-config\"\n\ndata-restaurant=\"382587\"\n\ndata-open=\"2000\"><\/div>\n<p>[\/et_pb_fullwidth_header][et_pb_fullwidth_code _builder_version=\u00a0\u00bb4.27.6&Prime; _module_preset=\u00a0\u00bbdefault\u00a0\u00bb global_colors_info=\u00a0\u00bb{}\u00a0\u00bb]<!-- Zenchef Widget SDK --><!-- [et_pb_line_break_holder] --><script><!-- [et_pb_line_break_holder] -->;(function (d, s, id) {<!-- [et_pb_line_break_holder] -->  const el = d.getElementsByTagName(s)[0];<!-- [et_pb_line_break_holder] -->  if (d.getElementById(id) || el.parentNode == null) { return; }<!-- [et_pb_line_break_holder] -->  var js = d.createElement(s);<!-- [et_pb_line_break_holder] -->  js.id = id;<!-- [et_pb_line_break_holder] -->  js.async = true;<!-- [et_pb_line_break_holder] -->  js.src = 'https:\/\/sdk.zenchef.com\/v1\/sdk.min.js';<!-- [et_pb_line_break_holder] -->  el.parentNode.insertBefore(js, el);<!-- [et_pb_line_break_holder] -->})(document, 'script', 'zenchef-sdk')<!-- [et_pb_line_break_holder] --><\/script><!-- [et_pb_line_break_holder] --><!-- [et_pb_line_break_holder] --><div<!-- [et_pb_line_break_holder] -->  class=\u00a0\u00bbzc-widget-config\u00a0\u00bb<!-- [et_pb_line_break_holder] -->  data-restaurant=\u00a0\u00bb382587&Prime;<!-- [et_pb_line_break_holder] -->  data-open=\u00a0\u00bb2000&Prime;><!-- [et_pb_line_break_holder] --><\/div>\n<p>[\/et_pb_fullwidth_code][\/et_pb_section]<\/p>\n","protected":false},"excerpt":{"rendered":"<p>Nouvelle brasserie \u2022 Nouvelle Carte Place des Martyrs 5 \u00e0\u00a01440 BRAINE-LE-CHATEAU \u2022 02\/355 15 24 Notre \u00e9tablissement vous accueille du mardi au samedi de 12h00 \u00e0 14h30 et de 18h30 \u00e0 22h00 .<\/p>\n","protected":false},"author":1,"featured_media":0,"parent":0,"menu_order":0,"comment_status":"closed","ping_status":"closed","template":"page-template-blank.php","meta":{"_et_pb_use_builder":"on","_et_pb_old_content":"","_et_gb_content_width":"2880","footnotes":""},"class_list":["post-9","page","type-page","status-publish","hentry"],"_links":{"self":[{"href":"https:\/\/www.brasseriedessaveurs.be\/index.php\/wp-json\/wp\/v2\/pages\/9","targetHints":{"allow":["GET"]}}],"collection":[{"href":"https:\/\/www.brasseriedessaveurs.be\/index.php\/wp-json\/wp\/v2\/pages"}],"about":[{"href":"https:\/\/www.brasseriedessaveurs.be\/index.php\/wp-json\/wp\/v2\/types\/page"}],"author":[{"embeddable":true,"href":"https:\/\/www.brasseriedessaveurs.be\/index.php\/wp-json\/wp\/v2\/users\/1"}],"replies":[{"embeddable":true,"href":"https:\/\/www.brasseriedessaveurs.be\/index.php\/wp-json\/wp\/v2\/comments?post=9"}],"version-history":[{"count":39,"href":"https:\/\/www.brasseriedessaveurs.be\/index.php\/wp-json\/wp\/v2\/pages\/9\/revisions"}],"predecessor-version":[{"id":99,"href":"https:\/\/www.brasseriedessaveurs.be\/index.php\/wp-json\/wp\/v2\/pages\/9\/revisions\/99"}],"wp:attachment":[{"href":"https:\/\/www.brasseriedessaveurs.be\/index.php\/wp-json\/wp\/v2\/media?parent=9"}],"curies":[{"name":"wp","href":"https:\/\/api.w.org\/{rel}","templated":true}]}}